{"id":427,"date":"2020-03-31T15:51:19","date_gmt":"2020-03-31T14:51:19","guid":{"rendered":"https:\/\/the7.io\/online-courses\/?page_id=427"},"modified":"2021-05-13T23:27:12","modified_gmt":"2021-05-13T23:27:12","slug":"blog","status":"publish","type":"page","link":"https:\/\/fundibio.com.br\/en\/blog\/","title":{"rendered":"Blog"},"content":{"rendered":"<div data-elementor-type=\"wp-page\" data-elementor-id=\"427\" class=\"elementor elementor-427\" data-elementor-post-type=\"page\">\n\t\t\t\t\t\t<section class=\"elementor-section elementor-top-section elementor-element elementor-element-71d0890f elementor-section-boxed elementor-section-height-default elementor-section-height-default\" data-id=\"71d0890f\" data-element_type=\"section\" data-e-type=\"section\" data-settings=\"{&quot;background_background&quot;:&quot;classic&quot;,&quot;shape_divider_bottom&quot;:&quot;mountains&quot;}\">\n\t\t\t\t\t<div class=\"elementor-shape elementor-shape-bottom\" aria-hidden=\"true\" data-negative=\"false\">\n\t\t\t<svg xmlns=\"http:\/\/www.w3.org\/2000\/svg\" viewbox=\"0 0 1000 100\" preserveaspectratio=\"none\">\n\t<path class=\"elementor-shape-fill\" opacity=\"0.33\" d=\"M473,67.3c-203.9,88.3-263.1-34-320.3,0C66,119.1,0,59.7,0,59.7V0h1000v59.7 c0,0-62.1,26.1-94.9,29.3c-32.8,3.3-62.8-12.3-75.8-22.1C806,49.6,745.3,8.7,694.9,4.7S492.4,59,473,67.3z\"\/>\n\t<path class=\"elementor-shape-fill\" opacity=\"0.66\" d=\"M734,67.3c-45.5,0-77.2-23.2-129.1-39.1c-28.6-8.7-150.3-10.1-254,39.1 s-91.7-34.4-149.2,0C115.7,118.3,0,39.8,0,39.8V0h1000v36.5c0,0-28.2-18.5-92.1-18.5C810.2,18.1,775.7,67.3,734,67.3z\"\/>\n\t<path class=\"elementor-shape-fill\" d=\"M766.1,28.9c-200-57.5-266,65.5-395.1,19.5C242,1.8,242,5.4,184.8,20.6C128,35.8,132.3,44.9,89.9,52.5C28.6,63.7,0,0,0,0 h1000c0,0-9.9,40.9-83.6,48.1S829.6,47,766.1,28.9z\"\/>\n<\/svg>\t\t<\/div>\n\t\t\t\t\t<div class=\"elementor-container elementor-column-gap-wider\">\n\t\t\t\t\t<div class=\"elementor-column elementor-col-100 elementor-top-column elementor-element elementor-element-5d6472bd\" data-id=\"5d6472bd\" data-element_type=\"column\" data-e-type=\"column\">\n\t\t\t<div class=\"elementor-widget-wrap elementor-element-populated\">\n\t\t\t\t\t\t<div class=\"elementor-element elementor-element-32921158 elementor-widget elementor-widget-heading\" data-id=\"32921158\" data-element_type=\"widget\" data-e-type=\"widget\" data-widget_type=\"heading.default\">\n\t\t\t\t<div class=\"elementor-widget-container\">\n\t\t\t\t\t<h2 class=\"elementor-heading-title elementor-size-default\">Blog<\/h2>\t\t\t\t<\/div>\n\t\t\t\t<\/div>\n\t\t\t\t\t<\/div>\n\t\t<\/div>\n\t\t\t\t\t<\/div>\n\t\t<\/section>\n\t\t\t\t<section class=\"elementor-section elementor-top-section elementor-element elementor-element-7f8352e elementor-section-boxed elementor-section-height-default elementor-section-height-default\" data-id=\"7f8352e\" data-element_type=\"section\" data-e-type=\"section\">\n\t\t\t\t\t\t<div class=\"elementor-container elementor-column-gap-wider\">\n\t\t\t\t\t<div class=\"elementor-column elementor-col-100 elementor-top-column elementor-element elementor-element-0fc5dca\" data-id=\"0fc5dca\" data-element_type=\"column\" data-e-type=\"column\">\n\t\t\t<div class=\"elementor-widget-wrap elementor-element-populated\">\n\t\t\t\t\t\t<div class=\"elementor-element elementor-element-a950041 preserve-img-ratio-cover elementor-widget elementor-widget-the7_elements\" data-id=\"a950041\" data-element_type=\"widget\" data-e-type=\"widget\" data-widget_type=\"the7_elements.default\">\n\t\t\t\t<div class=\"elementor-widget-container\">\n\t\t\t\t\t<div class=\"portfolio-shortcode the7-elementor-widget the7_elements-a950041 mode-grid dt-css-grid-wrap classic-layout-list description-under-image content-bg-on resize-by-browser-width loading-effect-none enable-pagination-scroll jquery-filter\" data-padding=\"40px\" data-mobile-columns-num=\"1\" data-tablet-columns-num=\"3\" data-desktop-columns-num=\"3\" data-wide-desktop-columns-num=\"3\" data-post-limit=\"6\" data-pagination-mode=\"pages\" data-scroll-offset=\"0\" aria-live=\"assertive\"><div class=\"dt-css-grid custom-pagination-handler\"><div class=\"visible wf-cell\" data-post-id=\"7897\" data-date=\"2026-05-13T13:56:35+00:00\" data-name=\"Abertura de Temporada OFIBB\"><article class=\"post visible post-7897 type-post status-publish format-standard has-post-thumbnail hentry category-uncategorized tag-botucatu tag-cultura tag-eventos tag-musica tag-unesp category-1 description-off\" data-name=\"Abertura de Temporada OFIBB\" data-date=\"2026-05-13T13:56:35+00:00\">\n\n\t<div class=\"post-thumbnail-wrap\">\n\t\t<div class=\"post-thumbnail\">\n\n\t\t\t<a class=\"post-thumbnail-rollover layzr-bg img-css-resize-wrapper\" aria-label=\"Post image\" href=\"https:\/\/fundibio.com.br\/en\/2026\/05\/13\/concerto-dialogos-musicais-botucatu\/\"><img fetchpriority=\"high\" decoding=\"async\" width=\"1080\" height=\"1350\" src=\"data:image\/svg+xml,%3Csvg%20xmlns%3D&#039;http%3A%2F%2Fwww.w3.org%2F2000%2Fsvg&#039;%20viewBox%3D&#039;0%200%201080%201350&#039;%2F%3E\" class=\"attachment-full size-full preload-me aspect lazy lazy-load\" alt=\"Participe do concerto Di\u00e1logos Musicais em Botucatu com entrada gratuita. Celebre a obra de Villa-Lobos com Ac\u00e1cio Oliveira. Saiba mais!\" sizes=\"(max-width: 1080px) 100vw, 1080px\" style=\"--ratio: 1080 \/ 1350;\" data-src=\"https:\/\/fundibio.com.br\/wp-content\/uploads\/2026\/05\/\ud83c\udfbc\u2728-Abertura-de-Temporada-OFIBBO-concerto-Dialogos-Musicais-marca-o-inicio-de-uma-nova-temporada.jpg\" loading=\"eager\" data-srcset=\"https:\/\/fundibio.com.br\/wp-content\/uploads\/2026\/05\/\ud83c\udfbc\u2728-Abertura-de-Temporada-OFIBBO-concerto-Dialogos-Musicais-marca-o-inicio-de-uma-nova-temporada.jpg 1080w, https:\/\/fundibio.com.br\/wp-content\/uploads\/2026\/05\/\ud83c\udfbc\u2728-Abertura-de-Temporada-OFIBBO-concerto-Dialogos-Musicais-marca-o-inicio-de-uma-nova-temporada-240x300.jpg 240w, https:\/\/fundibio.com.br\/wp-content\/uploads\/2026\/05\/\ud83c\udfbc\u2728-Abertura-de-Temporada-OFIBBO-concerto-Dialogos-Musicais-marca-o-inicio-de-uma-nova-temporada-819x1024.jpg 819w, https:\/\/fundibio.com.br\/wp-content\/uploads\/2026\/05\/\ud83c\udfbc\u2728-Abertura-de-Temporada-OFIBBO-concerto-Dialogos-Musicais-marca-o-inicio-de-uma-nova-temporada-768x960.jpg 768w, https:\/\/fundibio.com.br\/wp-content\/uploads\/2026\/05\/\ud83c\udfbc\u2728-Abertura-de-Temporada-OFIBBO-concerto-Dialogos-Musicais-marca-o-inicio-de-uma-nova-temporada-10x12.jpg 10w\" \/><span class=\"the7-hover-icon\"><i aria-hidden=\"true\" class=\"fas fa-book-open\"><\/i><\/span><\/a>\n\t\t<\/div>\n\t<\/div>\n\n\n<div class=\"post-entry-content\">\n\n\t<h3 class=\"ele-entry-title\"><a href=\"https:\/\/fundibio.com.br\/en\/2026\/05\/13\/concerto-dialogos-musicais-botucatu\/\" rel=\"bookmark\" title=\"Abertura de Temporada OFIBB\">Abertura de Temporada OFIBB<\/a><\/h3><div class=\"entry-meta\"><span class=\"meta-item data-link\"><time class=\"entry-date updated\" datetime=\"2026-05-13T13:56:35+00:00\">13\/05\/2026<\/time><\/span><\/div><div class=\"entry-excerpt\"><p>A Fundibio convida a comunidade para o concerto gratuito Di\u00e1logos Musicais no Audit\u00f3rio La Salle, com participa\u00e7\u00e3o especial do solista Ac\u00e1cio Oliveira.<\/p>\n<\/div><a href=\"https:\/\/fundibio.com.br\/en\/2026\/05\/13\/concerto-dialogos-musicais-botucatu\/\" target=\"\" aria-label=\"Read more about Abertura de Temporada OFIBB\" class=\"box-button elementor-button elementor-size-xs\">Leia mais<\/a>\n<\/div><\/article><\/div><div class=\"visible wf-cell\" data-post-id=\"7829\" data-date=\"2026-05-08T11:56:26+00:00\" data-name=\"Empretec Gratuito em Botucatu: CIT-IBB e Fundibio Oferecem 30 Vagas\"><article class=\"post visible post-7829 type-post status-publish format-standard has-post-thumbnail hentry category-uncategorized category-1 description-off\" data-name=\"Empretec Gratuito em Botucatu: CIT-IBB e Fundibio Oferecem 30 Vagas\" data-date=\"2026-05-08T11:56:26+00:00\">\n\n\t<div class=\"post-thumbnail-wrap\">\n\t\t<div class=\"post-thumbnail\">\n\n\t\t\t<a class=\"post-thumbnail-rollover layzr-bg img-css-resize-wrapper\" aria-label=\"Post image\" href=\"https:\/\/fundibio.com.br\/en\/2026\/05\/08\/empretec-botucatu\/\"><img decoding=\"async\" width=\"1080\" height=\"1350\" src=\"data:image\/svg+xml,%3Csvg%20xmlns%3D&#039;http%3A%2F%2Fwww.w3.org%2F2000%2Fsvg&#039;%20viewBox%3D&#039;0%200%201080%201350&#039;%2F%3E\" class=\"attachment-full size-full preload-me aspect lazy lazy-load\" alt=\"\" sizes=\"(max-width: 1080px) 100vw, 1080px\" style=\"--ratio: 1080 \/ 1350;\" data-src=\"https:\/\/fundibio.com.br\/wp-content\/uploads\/2026\/05\/Empretec_fundibio_unesp_sebraesp_botucatu.jpeg\" loading=\"eager\" data-srcset=\"https:\/\/fundibio.com.br\/wp-content\/uploads\/2026\/05\/Empretec_fundibio_unesp_sebraesp_botucatu.jpeg 1080w, https:\/\/fundibio.com.br\/wp-content\/uploads\/2026\/05\/Empretec_fundibio_unesp_sebraesp_botucatu-240x300.jpeg 240w, https:\/\/fundibio.com.br\/wp-content\/uploads\/2026\/05\/Empretec_fundibio_unesp_sebraesp_botucatu-819x1024.jpeg 819w, https:\/\/fundibio.com.br\/wp-content\/uploads\/2026\/05\/Empretec_fundibio_unesp_sebraesp_botucatu-768x960.jpeg 768w, https:\/\/fundibio.com.br\/wp-content\/uploads\/2026\/05\/Empretec_fundibio_unesp_sebraesp_botucatu-10x12.jpeg 10w\" \/><span class=\"the7-hover-icon\"><i aria-hidden=\"true\" class=\"fas fa-book-open\"><\/i><\/span><\/a>\n\t\t<\/div>\n\t<\/div>\n\n\n<div class=\"post-entry-content\">\n\n\t<h3 class=\"ele-entry-title\"><a href=\"https:\/\/fundibio.com.br\/en\/2026\/05\/08\/empretec-botucatu\/\" rel=\"bookmark\" title=\"Empretec Gratuito em Botucatu: CIT-IBB e Fundibio Oferecem 30 Vagas\">Empretec Gratuito em Botucatu: CIT-IBB e Fundibio Oferecem 30 Vagas<\/a><\/h3><div class=\"entry-meta\"><span class=\"meta-item data-link\"><time class=\"entry-date updated\" datetime=\"2026-05-08T11:56:26+00:00\">08\/05\/2026<\/time><\/span><\/div><div class=\"entry-excerpt\"><p>O CIT-IBB\/Unesp e a Fundibio oferecem 30 vagas para o Empretec gratuito em Botucatu. Inscreva-se no principal programa para empreendedores!<\/p>\n<\/div><a href=\"https:\/\/fundibio.com.br\/en\/2026\/05\/08\/empretec-botucatu\/\" target=\"\" aria-label=\"Read more about Empretec Gratuito em Botucatu: CIT-IBB e Fundibio Oferecem 30 Vagas\" class=\"box-button elementor-button elementor-size-xs\">Leia mais<\/a>\n<\/div><\/article><\/div><\/div><!-- iso-container|iso-grid --><div class=\"paginator filter-decorations filter-pointer-underline filter-animation-fade\" role=\"navigation\"><\/div><\/div>\t\t\t\t<\/div>\n\t\t\t\t<\/div>\n\t\t\t\t\t<\/div>\n\t\t<\/div>\n\t\t\t\t\t<\/div>\n\t\t<\/section>\n\t\t\t\t<\/div>","protected":false},"excerpt":{"rendered":"<p>Blog Fundibio 1 de maio de 2021 A Fundibio \u00e9 uma Institui\u00e7\u00e3o de direito privado fundada pela Unesp em outubro de 1995 com o intuito de auxiliar e desenvolver os&hellip;<\/p>","protected":false},"author":1,"featured_media":1051,"parent":0,"menu_order":60,"comment_status":"closed","ping_status":"closed","template":"elementor_header_footer","meta":{"_acf_changed":false,"footnotes":""},"class_list":["post-427","page","type-page","status-publish","has-post-thumbnail","hentry","category-1","description-off"],"acf":[],"yoast_head":"<!-- This site is optimized with the Yoast SEO plugin v27.2 - https:\/\/yoast.com\/product\/yoast-seo-wordpress\/ -->\n<title>Blog - Fundibio<\/title>\n<meta name=\"robots\" content=\"index, follow, max-snippet:-1, max-image-preview:large, max-video-preview:-1\" \/>\n<link rel=\"canonical\" href=\"https:\/\/fundibio.com.br\/en\/blog\/\" \/>\n<meta property=\"og:locale\" content=\"en_US\" \/>\n<meta property=\"og:type\" content=\"article\" \/>\n<meta property=\"og:title\" content=\"Blog - Fundibio\" \/>\n<meta property=\"og:description\" content=\"Blog Fundibio 1 de maio de 2021 A Fundibio \u00e9 uma Institui\u00e7\u00e3o de direito privado fundada pela Unesp em outubro de 1995 com o intuito de auxiliar e desenvolver os&hellip;\" \/>\n<meta property=\"og:url\" content=\"https:\/\/fundibio.com.br\/en\/blog\/\" \/>\n<meta property=\"og:site_name\" content=\"Fundibio\" \/>\n<meta property=\"article:publisher\" content=\"https:\/\/www.facebook.com\/fundibio\/\" \/>\n<meta property=\"article:modified_time\" content=\"2021-05-13T23:27:12+00:00\" \/>\n<meta property=\"og:image\" content=\"https:\/\/fundibio.com.br\/wp-content\/uploads\/2020\/04\/cor059.jpg\" \/>\n\t<meta property=\"og:image:width\" content=\"1500\" \/>\n\t<meta property=\"og:image:height\" content=\"1000\" \/>\n\t<meta property=\"og:image:type\" content=\"image\/jpeg\" \/>\n<meta name=\"twitter:card\" content=\"summary_large_image\" \/>\n<meta name=\"twitter:label1\" content=\"Est. reading time\" \/>\n\t<meta name=\"twitter:data1\" content=\"3 minutes\" \/>\n<script type=\"application\/ld+json\" class=\"yoast-schema-graph\">{\"@context\":\"https:\/\/schema.org\",\"@graph\":[{\"@type\":\"WebPage\",\"@id\":\"https:\/\/fundibio.com.br\/blog\/\",\"url\":\"https:\/\/fundibio.com.br\/blog\/\",\"name\":\"Blog - Fundibio\",\"isPartOf\":{\"@id\":\"https:\/\/fundibio.com.br\/#website\"},\"primaryImageOfPage\":{\"@id\":\"https:\/\/fundibio.com.br\/blog\/#primaryimage\"},\"image\":{\"@id\":\"https:\/\/fundibio.com.br\/blog\/#primaryimage\"},\"thumbnailUrl\":\"https:\/\/fundibio.com.br\/wp-content\/uploads\/2020\/04\/cor059.jpg\",\"datePublished\":\"2020-03-31T14:51:19+00:00\",\"dateModified\":\"2021-05-13T23:27:12+00:00\",\"breadcrumb\":{\"@id\":\"https:\/\/fundibio.com.br\/blog\/#breadcrumb\"},\"inLanguage\":\"en-US\",\"potentialAction\":[{\"@type\":\"ReadAction\",\"target\":[\"https:\/\/fundibio.com.br\/blog\/\"]}]},{\"@type\":\"ImageObject\",\"inLanguage\":\"en-US\",\"@id\":\"https:\/\/fundibio.com.br\/blog\/#primaryimage\",\"url\":\"https:\/\/fundibio.com.br\/wp-content\/uploads\/2020\/04\/cor059.jpg\",\"contentUrl\":\"https:\/\/fundibio.com.br\/wp-content\/uploads\/2020\/04\/cor059.jpg\",\"width\":1500,\"height\":1000},{\"@type\":\"BreadcrumbList\",\"@id\":\"https:\/\/fundibio.com.br\/blog\/#breadcrumb\",\"itemListElement\":[{\"@type\":\"ListItem\",\"position\":1,\"name\":\"In\u00edcio\",\"item\":\"https:\/\/fundibio.com.br\/\"},{\"@type\":\"ListItem\",\"position\":2,\"name\":\"Blog\"}]},{\"@type\":\"WebSite\",\"@id\":\"https:\/\/fundibio.com.br\/#website\",\"url\":\"https:\/\/fundibio.com.br\/\",\"name\":\"Fundibio\",\"description\":\"Funda\u00e7\u00e3o sem fins lucrativos e de direito privado institu\u00edda pela UNESP\",\"publisher\":{\"@id\":\"https:\/\/fundibio.com.br\/#organization\"},\"potentialAction\":[{\"@type\":\"SearchAction\",\"target\":{\"@type\":\"EntryPoint\",\"urlTemplate\":\"https:\/\/fundibio.com.br\/?s={search_term_string}\"},\"query-input\":{\"@type\":\"PropertyValueSpecification\",\"valueRequired\":true,\"valueName\":\"search_term_string\"}}],\"inLanguage\":\"en-US\"},{\"@type\":\"Organization\",\"@id\":\"https:\/\/fundibio.com.br\/#organization\",\"name\":\"Fundibio\",\"url\":\"https:\/\/fundibio.com.br\/\",\"logo\":{\"@type\":\"ImageObject\",\"inLanguage\":\"en-US\",\"@id\":\"https:\/\/fundibio.com.br\/#\/schema\/logo\/image\/\",\"url\":\"https:\/\/fundibio.com.br\/wp-content\/uploads\/2021\/04\/Refeita-fundibio-vetor-svg.svg\",\"contentUrl\":\"https:\/\/fundibio.com.br\/wp-content\/uploads\/2021\/04\/Refeita-fundibio-vetor-svg.svg\",\"width\":100,\"height\":100,\"caption\":\"Fundibio\"},\"image\":{\"@id\":\"https:\/\/fundibio.com.br\/#\/schema\/logo\/image\/\"},\"sameAs\":[\"https:\/\/www.facebook.com\/fundibio\/\",\"https:\/\/www.instagram.com\/fundibio\/\"]}]}<\/script>\n<!-- \/ Yoast SEO plugin. -->","yoast_head_json":{"title":"Blog - Fundibio","robots":{"index":"index","follow":"follow","max-snippet":"max-snippet:-1","max-image-preview":"max-image-preview:large","max-video-preview":"max-video-preview:-1"},"canonical":"https:\/\/fundibio.com.br\/en\/blog\/","og_locale":"en_US","og_type":"article","og_title":"Blog - Fundibio","og_description":"Blog Fundibio 1 de maio de 2021 A Fundibio \u00e9 uma Institui\u00e7\u00e3o de direito privado fundada pela Unesp em outubro de 1995 com o intuito de auxiliar e desenvolver os&hellip;","og_url":"https:\/\/fundibio.com.br\/en\/blog\/","og_site_name":"Fundibio","article_publisher":"https:\/\/www.facebook.com\/fundibio\/","article_modified_time":"2021-05-13T23:27:12+00:00","og_image":[{"width":1500,"height":1000,"url":"https:\/\/fundibio.com.br\/wp-content\/uploads\/2020\/04\/cor059.jpg","type":"image\/jpeg"}],"twitter_card":"summary_large_image","twitter_misc":{"Est. reading time":"3 minutes"},"schema":{"@context":"https:\/\/schema.org","@graph":[{"@type":"WebPage","@id":"https:\/\/fundibio.com.br\/blog\/","url":"https:\/\/fundibio.com.br\/blog\/","name":"Blog - Fundibio","isPartOf":{"@id":"https:\/\/fundibio.com.br\/#website"},"primaryImageOfPage":{"@id":"https:\/\/fundibio.com.br\/blog\/#primaryimage"},"image":{"@id":"https:\/\/fundibio.com.br\/blog\/#primaryimage"},"thumbnailUrl":"https:\/\/fundibio.com.br\/wp-content\/uploads\/2020\/04\/cor059.jpg","datePublished":"2020-03-31T14:51:19+00:00","dateModified":"2021-05-13T23:27:12+00:00","breadcrumb":{"@id":"https:\/\/fundibio.com.br\/blog\/#breadcrumb"},"inLanguage":"en-US","potentialAction":[{"@type":"ReadAction","target":["https:\/\/fundibio.com.br\/blog\/"]}]},{"@type":"ImageObject","inLanguage":"en-US","@id":"https:\/\/fundibio.com.br\/blog\/#primaryimage","url":"https:\/\/fundibio.com.br\/wp-content\/uploads\/2020\/04\/cor059.jpg","contentUrl":"https:\/\/fundibio.com.br\/wp-content\/uploads\/2020\/04\/cor059.jpg","width":1500,"height":1000},{"@type":"BreadcrumbList","@id":"https:\/\/fundibio.com.br\/blog\/#breadcrumb","itemListElement":[{"@type":"ListItem","position":1,"name":"In\u00edcio","item":"https:\/\/fundibio.com.br\/"},{"@type":"ListItem","position":2,"name":"Blog"}]},{"@type":"WebSite","@id":"https:\/\/fundibio.com.br\/#website","url":"https:\/\/fundibio.com.br\/","name":"Fundibio","description":"Funda\u00e7\u00e3o sem fins lucrativos e de direito privado institu\u00edda pela UNESP","publisher":{"@id":"https:\/\/fundibio.com.br\/#organization"},"potentialAction":[{"@type":"SearchAction","target":{"@type":"EntryPoint","urlTemplate":"https:\/\/fundibio.com.br\/?s={search_term_string}"},"query-input":{"@type":"PropertyValueSpecification","valueRequired":true,"valueName":"search_term_string"}}],"inLanguage":"en-US"},{"@type":"Organization","@id":"https:\/\/fundibio.com.br\/#organization","name":"Fundibio","url":"https:\/\/fundibio.com.br\/","logo":{"@type":"ImageObject","inLanguage":"en-US","@id":"https:\/\/fundibio.com.br\/#\/schema\/logo\/image\/","url":"https:\/\/fundibio.com.br\/wp-content\/uploads\/2021\/04\/Refeita-fundibio-vetor-svg.svg","contentUrl":"https:\/\/fundibio.com.br\/wp-content\/uploads\/2021\/04\/Refeita-fundibio-vetor-svg.svg","width":100,"height":100,"caption":"Fundibio"},"image":{"@id":"https:\/\/fundibio.com.br\/#\/schema\/logo\/image\/"},"sameAs":["https:\/\/www.facebook.com\/fundibio\/","https:\/\/www.instagram.com\/fundibio\/"]}]}},"_links":{"self":[{"href":"https:\/\/fundibio.com.br\/en\/wp-json\/wp\/v2\/pages\/427","targetHints":{"allow":["GET"]}}],"collection":[{"href":"https:\/\/fundibio.com.br\/en\/wp-json\/wp\/v2\/pages"}],"about":[{"href":"https:\/\/fundibio.com.br\/en\/wp-json\/wp\/v2\/types\/page"}],"author":[{"embeddable":true,"href":"https:\/\/fundibio.com.br\/en\/wp-json\/wp\/v2\/users\/1"}],"replies":[{"embeddable":true,"href":"https:\/\/fundibio.com.br\/en\/wp-json\/wp\/v2\/comments?post=427"}],"version-history":[{"count":10,"href":"https:\/\/fundibio.com.br\/en\/wp-json\/wp\/v2\/pages\/427\/revisions"}],"predecessor-version":[{"id":4434,"href":"https:\/\/fundibio.com.br\/en\/wp-json\/wp\/v2\/pages\/427\/revisions\/4434"}],"wp:featuredmedia":[{"embeddable":true,"href":"https:\/\/fundibio.com.br\/en\/wp-json\/wp\/v2\/media\/1051"}],"wp:attachment":[{"href":"https:\/\/fundibio.com.br\/en\/wp-json\/wp\/v2\/media?parent=427"}],"curies":[{"name":"wp","href":"https:\/\/api.w.org\/{rel}","templated":true}]}}