{"id":5869,"date":"2023-03-08T18:43:26","date_gmt":"2023-03-08T18:43:26","guid":{"rendered":"https:\/\/fundibio.com.br\/?page_id=5869"},"modified":"2023-03-08T18:54:21","modified_gmt":"2023-03-08T18:54:21","slug":"ouvidoria","status":"publish","type":"page","link":"https:\/\/fundibio.com.br\/en\/ouvidoria\/","title":{"rendered":"Ouvidoria"},"content":{"rendered":"<div data-elementor-type=\"wp-page\" data-elementor-id=\"5869\" class=\"elementor elementor-5869\" data-elementor-post-type=\"page\">\n\t\t\t\t\t\t<section class=\"elementor-section elementor-top-section elementor-element elementor-element-7284029 elementor-section-boxed elementor-section-height-default elementor-section-height-default\" data-id=\"7284029\" data-element_type=\"section\" data-e-type=\"section\">\n\t\t\t\t\t\t<div class=\"elementor-container elementor-column-gap-default\">\n\t\t\t\t\t<div class=\"elementor-column elementor-col-100 elementor-top-column elementor-element elementor-element-9d0b12e\" data-id=\"9d0b12e\" data-element_type=\"column\" data-e-type=\"column\">\n\t\t\t<div class=\"elementor-widget-wrap elementor-element-populated\">\n\t\t\t\t\t\t<div class=\"elementor-element elementor-element-89d431e elementor-alert-info elementor-widget elementor-widget-alert\" data-id=\"89d431e\" data-element_type=\"widget\" data-e-type=\"widget\" data-widget_type=\"alert.default\">\n\t\t\t\t<div class=\"elementor-widget-container\">\n\t\t\t\t\t\t\t<div class=\"elementor-alert\" role=\"alert\">\n\n\t\t\t\t\t\t<span class=\"elementor-alert-title\">Ouvidoria - Fundibio<\/span>\n\t\t\t\n\t\t\t\t\t\t<span class=\"elementor-alert-description\">Aqui voc\u00ea pode dar sua manifesta\u00e7\u00e3o, fazer sugest\u00f5es, entre outros. N\u00e3o obrigat\u00f3rio preenchimento de campo do Nome e Email.<\/span>\n\t\t\t\n\t\t\t\t\t\t<button type=\"button\" class=\"elementor-alert-dismiss\" aria-label=\"Dispensar este alerta.\">\n\t\t\t\t\t\t\t\t\t<span aria-hidden=\"true\">&times;<\/span>\n\t\t\t\t\t\t\t<\/button>\n\t\t\t\n\t\t<\/div>\n\t\t\t\t\t\t<\/div>\n\t\t\t\t<\/div>\n\t\t\t\t\t<\/div>\n\t\t<\/div>\n\t\t\t\t\t<\/div>\n\t\t<\/section>\n\t\t\t\t<section class=\"elementor-section elementor-top-section elementor-element elementor-element-df7cfda elementor-section-boxed elementor-section-height-default elementor-section-height-default\" data-id=\"df7cfda\" data-element_type=\"section\" data-e-type=\"section\">\n\t\t\t\t\t\t<div class=\"elementor-container elementor-column-gap-default\">\n\t\t\t\t\t<div class=\"elementor-column elementor-col-100 elementor-top-column elementor-element elementor-element-8aaaa4a\" data-id=\"8aaaa4a\" data-element_type=\"column\" data-e-type=\"column\">\n\t\t\t<div class=\"elementor-widget-wrap elementor-element-populated\">\n\t\t\t\t\t\t<div class=\"elementor-element elementor-element-c508db1 elementor-widget elementor-widget-spacer\" data-id=\"c508db1\" data-element_type=\"widget\" data-e-type=\"widget\" data-widget_type=\"spacer.default\">\n\t\t\t\t<div class=\"elementor-widget-container\">\n\t\t\t\t\t\t\t<div class=\"elementor-spacer\">\n\t\t\t<div class=\"elementor-spacer-inner\"><\/div>\n\t\t<\/div>\n\t\t\t\t\t\t<\/div>\n\t\t\t\t<\/div>\n\t\t\t\t\t<\/div>\n\t\t<\/div>\n\t\t\t\t\t<\/div>\n\t\t<\/section>\n\t\t\t\t<section class=\"elementor-section elementor-top-section elementor-element elementor-element-9bf41d3 elementor-section-boxed elementor-section-height-default elementor-section-height-default\" data-id=\"9bf41d3\" data-element_type=\"section\" data-e-type=\"section\">\n\t\t\t\t\t\t<div class=\"elementor-container elementor-column-gap-default\">\n\t\t\t\t\t<div class=\"elementor-column elementor-col-100 elementor-top-column elementor-element elementor-element-525eaa1\" data-id=\"525eaa1\" data-element_type=\"column\" data-e-type=\"column\">\n\t\t\t<div class=\"elementor-widget-wrap elementor-element-populated\">\n\t\t\t\t\t\t<div class=\"elementor-element elementor-element-f5d5a65 elementor-widget elementor-widget-shortcode\" data-id=\"f5d5a65\" data-element_type=\"widget\" data-e-type=\"widget\" data-widget_type=\"shortcode.default\">\n\t\t\t\t<div class=\"elementor-widget-container\">\n\t\t\t\t\t\t\t<div class=\"elementor-shortcode\">\n<div class=\"wpcf7 no-js\" id=\"wpcf7-f5825-o1\" lang=\"pt-BR\" dir=\"ltr\" data-wpcf7-id=\"5825\">\n<div class=\"screen-reader-response\"><p role=\"status\" aria-live=\"polite\" aria-atomic=\"true\"><\/p> <ul><\/ul><\/div>\n<form action=\"\/en\/wp-json\/wp\/v2\/pages\/5869#wpcf7-f5825-o1\" method=\"post\" class=\"wpcf7-form init\" aria-label=\"Formul\u00e1rios de contato\" enctype=\"multipart\/form-data\" novalidate=\"novalidate\" data-status=\"init\" data-trp-original-action=\"\/en\/wp-json\/wp\/v2\/pages\/5869#wpcf7-f5825-o1\">\n<fieldset class=\"hidden-fields-container\"><input type=\"hidden\" name=\"_wpcf7\" value=\"5825\" \/><input type=\"hidden\" name=\"_wpcf7_version\" value=\"6.1.3\" \/><input type=\"hidden\" name=\"_wpcf7_locale\" value=\"pt_BR\" \/><input type=\"hidden\" name=\"_wpcf7_unit_tag\" value=\"wpcf7-f5825-o1\" \/><input type=\"hidden\" name=\"_wpcf7_container_post\" value=\"0\" \/><input type=\"hidden\" name=\"_wpcf7_posted_data_hash\" value=\"\" \/><input type=\"hidden\" name=\"_wpcf7_recaptcha_response\" value=\"\" \/>\n<\/fieldset>\n<p><label> Nome: (Opcional)<br \/>\n<span class=\"wpcf7-form-control-wrap\" data-name=\"your-name\"><input size=\"40\" maxlength=\"400\" class=\"wpcf7-form-control wpcf7-text\" aria-invalid=\"false\" value=\"\" type=\"text\" name=\"your-name\" \/><\/span><br \/>\n<\/label>\n<\/p>\n<p><label> Email (Opcional):<br \/>\n<span class=\"wpcf7-form-control-wrap\" data-name=\"your-email\"><input size=\"40\" maxlength=\"400\" class=\"wpcf7-form-control wpcf7-email wpcf7-text wpcf7-validates-as-email\" aria-invalid=\"false\" value=\"\" type=\"email\" name=\"your-email\" \/><\/span><br \/>\n<\/label>\n<\/p>\n<p><label> Motivo do contato: <\/label><br \/>\n<span class=\"wpcf7-form-control-wrap\" data-name=\"area\"><span class=\"wpcf7-form-control wpcf7-checkbox wpcf7-validates-as-required wpcf7-exclusive-checkbox\"><span class=\"wpcf7-list-item first\"><label><input type=\"checkbox\" name=\"area\" value=\"Manifesta\u00e7\u00e3o\" \/><span class=\"wpcf7-list-item-label\">Manifesta\u00e7\u00e3o<\/span><\/label><\/span><span class=\"wpcf7-list-item\"><label><input type=\"checkbox\" name=\"area\" value=\"Sugest\u00e3o\" \/><span class=\"wpcf7-list-item-label\">Sugest\u00e3o<\/span><\/label><\/span><span class=\"wpcf7-list-item last\"><label><input type=\"checkbox\" name=\"area\" value=\"Outros\" \/><span class=\"wpcf7-list-item-label\">Outros<\/span><\/label><\/span><\/span><\/span>\n<\/p>\n<p><label> Mensagem:<br \/>\n<span class=\"wpcf7-form-control-wrap\" data-name=\"your-message\"><textarea cols=\"40\" rows=\"10\" maxlength=\"2000\" class=\"wpcf7-form-control wpcf7-textarea wpcf7-validates-as-required\" aria-required=\"true\" aria-invalid=\"false\" name=\"your-message\"><\/textarea><\/span><br \/>\n<\/label>\n<\/p>\n<p><label>Arquivos<\/label><br \/>\n<span class=\"wpcf7-form-control-wrap\" data-name=\"upload\"><input size=\"40\" class=\"wpcf7-form-control wpcf7-file\" accept=\".pdf,.docx\" aria-invalid=\"false\" type=\"file\" name=\"upload\" \/><\/span>\n<\/p>\n<p><label> Suas informa\u00e7\u00f5es e dados ser\u00e3o mantidos em sigilo e protegidos conforme a Lei Geral de Prote\u00e7\u00e3o de Dados.<br \/>\n<input class=\"wpcf7-form-control wpcf7-submit has-spinner\" type=\"submit\" value=\"Submit\" \/><\/label>\n<\/p><div class=\"wpcf7-response-output\" aria-hidden=\"true\"><\/div>\n<input type=\"hidden\" name=\"trp-form-language\" value=\"en\"\/><\/form>\n<\/div>\n<\/div>\n\t\t\t\t\t\t<\/div>\n\t\t\t\t<\/div>\n\t\t\t\t\t<\/div>\n\t\t<\/div>\n\t\t\t\t\t<\/div>\n\t\t<\/section>\n\t\t\t\t<\/div>","protected":false},"excerpt":{"rendered":"<p>Ouvidoria &#8211; Fundibio Aqui voc\u00ea pode dar sua manifesta\u00e7\u00e3o, fazer sugest\u00f5es, entre outros. N\u00e3o obrigat\u00f3rio preenchimento de campo do Nome e Email. &times; Dispensar alerta<\/p>","protected":false},"author":7,"featured_media":1819,"parent":0,"menu_order":3,"comment_status":"closed","ping_status":"closed","template":"","meta":{"_acf_changed":false,"footnotes":""},"class_list":["post-5869","page","type-page","status-publish","has-post-thumbnail","hentry"],"acf":[],"yoast_head":"<!-- This site is optimized with the Yoast SEO plugin v27.2 - https:\/\/yoast.com\/product\/yoast-seo-wordpress\/ -->\n<title>Ouvidoria - Fundibio<\/title>\n<meta name=\"robots\" content=\"index, follow, max-snippet:-1, max-image-preview:large, max-video-preview:-1\" \/>\n<link rel=\"canonical\" href=\"https:\/\/fundibio.com.br\/en\/ouvidoria\/\" \/>\n<meta property=\"og:locale\" content=\"en_US\" \/>\n<meta property=\"og:type\" content=\"article\" \/>\n<meta property=\"og:title\" content=\"Ouvidoria - Fundibio\" \/>\n<meta property=\"og:description\" content=\"Ouvidoria &#8211; Fundibio Aqui voc\u00ea pode dar sua manifesta\u00e7\u00e3o, fazer sugest\u00f5es, entre outros. N\u00e3o obrigat\u00f3rio preenchimento de campo do Nome e Email. &times; Dispensar alerta\" \/>\n<meta property=\"og:url\" content=\"https:\/\/fundibio.com.br\/en\/ouvidoria\/\" \/>\n<meta property=\"og:site_name\" content=\"Fundibio\" \/>\n<meta property=\"article:publisher\" content=\"https:\/\/www.facebook.com\/fundibio\/\" \/>\n<meta property=\"article:modified_time\" content=\"2023-03-08T18:54:21+00:00\" \/>\n<meta property=\"og:image\" content=\"https:\/\/fundibio.com.br\/wp-content\/uploads\/2020\/04\/cors077.jpg\" \/>\n\t<meta property=\"og:image:width\" content=\"1500\" \/>\n\t<meta property=\"og:image:height\" content=\"1000\" \/>\n\t<meta property=\"og:image:type\" content=\"image\/jpeg\" \/>\n<meta name=\"twitter:card\" content=\"summary_large_image\" \/>\n<meta name=\"twitter:label1\" content=\"Est. reading time\" \/>\n\t<meta name=\"twitter:data1\" content=\"1 minute\" \/>\n<script type=\"application\/ld+json\" class=\"yoast-schema-graph\">{\"@context\":\"https:\/\/schema.org\",\"@graph\":[{\"@type\":\"WebPage\",\"@id\":\"https:\/\/fundibio.com.br\/ouvidoria\/\",\"url\":\"https:\/\/fundibio.com.br\/ouvidoria\/\",\"name\":\"Ouvidoria - Fundibio\",\"isPartOf\":{\"@id\":\"https:\/\/fundibio.com.br\/#website\"},\"primaryImageOfPage\":{\"@id\":\"https:\/\/fundibio.com.br\/ouvidoria\/#primaryimage\"},\"image\":{\"@id\":\"https:\/\/fundibio.com.br\/ouvidoria\/#primaryimage\"},\"thumbnailUrl\":\"https:\/\/fundibio.com.br\/wp-content\/uploads\/2020\/04\/cors077.jpg\",\"datePublished\":\"2023-03-08T18:43:26+00:00\",\"dateModified\":\"2023-03-08T18:54:21+00:00\",\"breadcrumb\":{\"@id\":\"https:\/\/fundibio.com.br\/ouvidoria\/#breadcrumb\"},\"inLanguage\":\"en-US\",\"potentialAction\":[{\"@type\":\"ReadAction\",\"target\":[\"https:\/\/fundibio.com.br\/ouvidoria\/\"]}]},{\"@type\":\"ImageObject\",\"inLanguage\":\"en-US\",\"@id\":\"https:\/\/fundibio.com.br\/ouvidoria\/#primaryimage\",\"url\":\"https:\/\/fundibio.com.br\/wp-content\/uploads\/2020\/04\/cors077.jpg\",\"contentUrl\":\"https:\/\/fundibio.com.br\/wp-content\/uploads\/2020\/04\/cors077.jpg\",\"width\":1500,\"height\":1000},{\"@type\":\"BreadcrumbList\",\"@id\":\"https:\/\/fundibio.com.br\/ouvidoria\/#breadcrumb\",\"itemListElement\":[{\"@type\":\"ListItem\",\"position\":1,\"name\":\"In\u00edcio\",\"item\":\"https:\/\/fundibio.com.br\/\"},{\"@type\":\"ListItem\",\"position\":2,\"name\":\"Ouvidoria\"}]},{\"@type\":\"WebSite\",\"@id\":\"https:\/\/fundibio.com.br\/#website\",\"url\":\"https:\/\/fundibio.com.br\/\",\"name\":\"Fundibio\",\"description\":\"Funda\u00e7\u00e3o sem fins lucrativos e de direito privado institu\u00edda pela UNESP\",\"publisher\":{\"@id\":\"https:\/\/fundibio.com.br\/#organization\"},\"potentialAction\":[{\"@type\":\"SearchAction\",\"target\":{\"@type\":\"EntryPoint\",\"urlTemplate\":\"https:\/\/fundibio.com.br\/?s={search_term_string}\"},\"query-input\":{\"@type\":\"PropertyValueSpecification\",\"valueRequired\":true,\"valueName\":\"search_term_string\"}}],\"inLanguage\":\"en-US\"},{\"@type\":\"Organization\",\"@id\":\"https:\/\/fundibio.com.br\/#organization\",\"name\":\"Fundibio\",\"url\":\"https:\/\/fundibio.com.br\/\",\"logo\":{\"@type\":\"ImageObject\",\"inLanguage\":\"en-US\",\"@id\":\"https:\/\/fundibio.com.br\/#\/schema\/logo\/image\/\",\"url\":\"https:\/\/fundibio.com.br\/wp-content\/uploads\/2021\/04\/Refeita-fundibio-vetor-svg.svg\",\"contentUrl\":\"https:\/\/fundibio.com.br\/wp-content\/uploads\/2021\/04\/Refeita-fundibio-vetor-svg.svg\",\"width\":100,\"height\":100,\"caption\":\"Fundibio\"},\"image\":{\"@id\":\"https:\/\/fundibio.com.br\/#\/schema\/logo\/image\/\"},\"sameAs\":[\"https:\/\/www.facebook.com\/fundibio\/\",\"https:\/\/www.instagram.com\/fundibio\/\"]}]}<\/script>\n<!-- \/ Yoast SEO plugin. -->","yoast_head_json":{"title":"Ouvidoria - Fundibio","robots":{"index":"index","follow":"follow","max-snippet":"max-snippet:-1","max-image-preview":"max-image-preview:large","max-video-preview":"max-video-preview:-1"},"canonical":"https:\/\/fundibio.com.br\/en\/ouvidoria\/","og_locale":"en_US","og_type":"article","og_title":"Ouvidoria - Fundibio","og_description":"Ouvidoria &#8211; Fundibio Aqui voc\u00ea pode dar sua manifesta\u00e7\u00e3o, fazer sugest\u00f5es, entre outros. N\u00e3o obrigat\u00f3rio preenchimento de campo do Nome e Email. &times; Dispensar alerta","og_url":"https:\/\/fundibio.com.br\/en\/ouvidoria\/","og_site_name":"Fundibio","article_publisher":"https:\/\/www.facebook.com\/fundibio\/","article_modified_time":"2023-03-08T18:54:21+00:00","og_image":[{"width":1500,"height":1000,"url":"https:\/\/fundibio.com.br\/wp-content\/uploads\/2020\/04\/cors077.jpg","type":"image\/jpeg"}],"twitter_card":"summary_large_image","twitter_misc":{"Est. reading time":"1 minute"},"schema":{"@context":"https:\/\/schema.org","@graph":[{"@type":"WebPage","@id":"https:\/\/fundibio.com.br\/ouvidoria\/","url":"https:\/\/fundibio.com.br\/ouvidoria\/","name":"Ouvidoria - Fundibio","isPartOf":{"@id":"https:\/\/fundibio.com.br\/#website"},"primaryImageOfPage":{"@id":"https:\/\/fundibio.com.br\/ouvidoria\/#primaryimage"},"image":{"@id":"https:\/\/fundibio.com.br\/ouvidoria\/#primaryimage"},"thumbnailUrl":"https:\/\/fundibio.com.br\/wp-content\/uploads\/2020\/04\/cors077.jpg","datePublished":"2023-03-08T18:43:26+00:00","dateModified":"2023-03-08T18:54:21+00:00","breadcrumb":{"@id":"https:\/\/fundibio.com.br\/ouvidoria\/#breadcrumb"},"inLanguage":"en-US","potentialAction":[{"@type":"ReadAction","target":["https:\/\/fundibio.com.br\/ouvidoria\/"]}]},{"@type":"ImageObject","inLanguage":"en-US","@id":"https:\/\/fundibio.com.br\/ouvidoria\/#primaryimage","url":"https:\/\/fundibio.com.br\/wp-content\/uploads\/2020\/04\/cors077.jpg","contentUrl":"https:\/\/fundibio.com.br\/wp-content\/uploads\/2020\/04\/cors077.jpg","width":1500,"height":1000},{"@type":"BreadcrumbList","@id":"https:\/\/fundibio.com.br\/ouvidoria\/#breadcrumb","itemListElement":[{"@type":"ListItem","position":1,"name":"In\u00edcio","item":"https:\/\/fundibio.com.br\/"},{"@type":"ListItem","position":2,"name":"Ouvidoria"}]},{"@type":"WebSite","@id":"https:\/\/fundibio.com.br\/#website","url":"https:\/\/fundibio.com.br\/","name":"Fundibio","description":"Funda\u00e7\u00e3o sem fins lucrativos e de direito privado institu\u00edda pela UNESP","publisher":{"@id":"https:\/\/fundibio.com.br\/#organization"},"potentialAction":[{"@type":"SearchAction","target":{"@type":"EntryPoint","urlTemplate":"https:\/\/fundibio.com.br\/?s={search_term_string}"},"query-input":{"@type":"PropertyValueSpecification","valueRequired":true,"valueName":"search_term_string"}}],"inLanguage":"en-US"},{"@type":"Organization","@id":"https:\/\/fundibio.com.br\/#organization","name":"Fundibio","url":"https:\/\/fundibio.com.br\/","logo":{"@type":"ImageObject","inLanguage":"en-US","@id":"https:\/\/fundibio.com.br\/#\/schema\/logo\/image\/","url":"https:\/\/fundibio.com.br\/wp-content\/uploads\/2021\/04\/Refeita-fundibio-vetor-svg.svg","contentUrl":"https:\/\/fundibio.com.br\/wp-content\/uploads\/2021\/04\/Refeita-fundibio-vetor-svg.svg","width":100,"height":100,"caption":"Fundibio"},"image":{"@id":"https:\/\/fundibio.com.br\/#\/schema\/logo\/image\/"},"sameAs":["https:\/\/www.facebook.com\/fundibio\/","https:\/\/www.instagram.com\/fundibio\/"]}]}},"_links":{"self":[{"href":"https:\/\/fundibio.com.br\/en\/wp-json\/wp\/v2\/pages\/5869","targetHints":{"allow":["GET"]}}],"collection":[{"href":"https:\/\/fundibio.com.br\/en\/wp-json\/wp\/v2\/pages"}],"about":[{"href":"https:\/\/fundibio.com.br\/en\/wp-json\/wp\/v2\/types\/page"}],"author":[{"embeddable":true,"href":"https:\/\/fundibio.com.br\/en\/wp-json\/wp\/v2\/users\/7"}],"replies":[{"embeddable":true,"href":"https:\/\/fundibio.com.br\/en\/wp-json\/wp\/v2\/comments?post=5869"}],"version-history":[{"count":4,"href":"https:\/\/fundibio.com.br\/en\/wp-json\/wp\/v2\/pages\/5869\/revisions"}],"predecessor-version":[{"id":5873,"href":"https:\/\/fundibio.com.br\/en\/wp-json\/wp\/v2\/pages\/5869\/revisions\/5873"}],"wp:featuredmedia":[{"embeddable":true,"href":"https:\/\/fundibio.com.br\/en\/wp-json\/wp\/v2\/media\/1819"}],"wp:attachment":[{"href":"https:\/\/fundibio.com.br\/en\/wp-json\/wp\/v2\/media?parent=5869"}],"curies":[{"name":"wp","href":"https:\/\/api.w.org\/{rel}","templated":true}]}}