{"id":6426,"date":"2023-10-06T17:45:08","date_gmt":"2023-10-06T17:45:08","guid":{"rendered":"https:\/\/fundibio.com.br\/?page_id=6426"},"modified":"2023-10-20T17:53:55","modified_gmt":"2023-10-20T17:53:55","slug":"sobre","status":"publish","type":"page","link":"https:\/\/fundibio.com.br\/en\/banco-de-projetos\/sobre\/","title":{"rendered":"sobre"},"content":{"rendered":"<div data-elementor-type=\"wp-page\" data-elementor-id=\"6426\" class=\"elementor elementor-6426\" data-elementor-post-type=\"page\">\n\t\t\t\t\t\t<section class=\"elementor-section elementor-top-section elementor-element elementor-element-f104c4a elementor-section-boxed elementor-section-height-default elementor-section-height-default\" data-id=\"f104c4a\" data-element_type=\"section\" data-e-type=\"section\">\n\t\t\t\t\t\t<div class=\"elementor-container elementor-column-gap-default\">\n\t\t\t\t\t<div class=\"elementor-column elementor-col-100 elementor-top-column elementor-element elementor-element-0a40255\" data-id=\"0a40255\" data-element_type=\"column\" data-e-type=\"column\">\n\t\t\t<div class=\"elementor-widget-wrap elementor-element-populated\">\n\t\t\t\t\t\t<div class=\"elementor-element elementor-element-27981b2 elementor-widget elementor-widget-spacer\" data-id=\"27981b2\" data-element_type=\"widget\" data-e-type=\"widget\" data-widget_type=\"spacer.default\">\n\t\t\t\t<div class=\"elementor-widget-container\">\n\t\t\t\t\t\t\t<div class=\"elementor-spacer\">\n\t\t\t<div class=\"elementor-spacer-inner\"><\/div>\n\t\t<\/div>\n\t\t\t\t\t\t<\/div>\n\t\t\t\t<\/div>\n\t\t\t\t\t<\/div>\n\t\t<\/div>\n\t\t\t\t\t<\/div>\n\t\t<\/section>\n\t\t\t\t<section class=\"elementor-section elementor-top-section elementor-element elementor-element-d45aab1 elementor-section-content-middle elementor-section-boxed elementor-section-height-default elementor-section-height-default\" data-id=\"d45aab1\" data-element_type=\"section\" data-e-type=\"section\" data-settings=\"{&quot;background_background&quot;:&quot;gradient&quot;}\">\n\t\t\t\t\t\t<div class=\"elementor-container elementor-column-gap-wider\">\n\t\t\t\t\t<div class=\"elementor-column elementor-col-50 elementor-top-column elementor-element elementor-element-3def1e2\" data-id=\"3def1e2\" data-element_type=\"column\" data-e-type=\"column\">\n\t\t\t<div class=\"elementor-widget-wrap elementor-element-populated\">\n\t\t\t\t\t\t<div class=\"elementor-element elementor-element-5bb42f3 elementor-widget elementor-widget-heading\" data-id=\"5bb42f3\" data-element_type=\"widget\" data-e-type=\"widget\" data-widget_type=\"heading.default\">\n\t\t\t\t<div class=\"elementor-widget-container\">\n\t\t\t\t\t<h2 class=\"elementor-heading-title elementor-size-default\">Sobre o Banco de Projetos<\/h2>\t\t\t\t<\/div>\n\t\t\t\t<\/div>\n\t\t\t\t<div class=\"elementor-element elementor-element-9121d92 elementor-widget elementor-widget-spacer\" data-id=\"9121d92\" data-element_type=\"widget\" data-e-type=\"widget\" data-widget_type=\"spacer.default\">\n\t\t\t\t<div class=\"elementor-widget-container\">\n\t\t\t\t\t\t\t<div class=\"elementor-spacer\">\n\t\t\t<div class=\"elementor-spacer-inner\"><\/div>\n\t\t<\/div>\n\t\t\t\t\t\t<\/div>\n\t\t\t\t<\/div>\n\t\t\t\t<div class=\"elementor-element elementor-element-c26f0a4 elementor-widget elementor-widget-text-editor\" data-id=\"c26f0a4\" data-element_type=\"widget\" data-e-type=\"widget\" data-widget_type=\"text-editor.default\">\n\t\t\t\t<div class=\"elementor-widget-container\">\n\t\t\t\t\t\t\t\t\t<p>A Fundibio atua como interveniente e est\u00e1 comprometida em apoiar iniciativas e ideias promissoras, buscando ativamente oportunidades de financiamento para poss\u00edveis projetos que estejam alinhados com nossa miss\u00e3o e objetivos.<\/p><p>Nossa prioridade \u00e9 identificar recursos e parcerias que possam ajudar a viabilizar projetos inovadores e impactantes. Estamos dedicando esfor\u00e7os para explorar diferentes fontes de financiamento, colaborar com organiza\u00e7\u00f5es afins e aproveitar oportunidades de subs\u00eddios, doa\u00e7\u00f5es e investimentos para garantir que projetos valiosos possam se tornar realidade.<\/p><p>Acreditamos no potencial das ideias e iniciativas que podem trazer mudan\u00e7as positivas para a sociedade.<\/p><p>Se voc\u00ea tiver uma ideia ou projeto, coloque no nosso banco de projetos para que possamos explorar maneiras de trabalhar juntos em busca de financiamento e apoio.<\/p><p>Nosso Banco de Projetos foi criado para armazenar e gerenciar uma variedade de projetos, ideias e propostas. Esses projetos podem ser de diferentes naturezas, como iniciativas de neg\u00f3cios, projetos de ensino, pesquisa cient\u00edfica, cultural, desenvolvimento tecnol\u00f3gico e muito mais.<\/p><p>O banco tem como objetivo otimizar e facilitar a sele\u00e7\u00e3o de projetos previamente aprovados em mecanismos de incentivo fiscal no \u00e2mbito federal.<\/p>\t\t\t\t\t\t\t\t<\/div>\n\t\t\t\t<\/div>\n\t\t\t\t<div class=\"elementor-element elementor-element-bcfe671 elementor-widget elementor-widget-spacer\" data-id=\"bcfe671\" data-element_type=\"widget\" data-e-type=\"widget\" data-widget_type=\"spacer.default\">\n\t\t\t\t<div class=\"elementor-widget-container\">\n\t\t\t\t\t\t\t<div class=\"elementor-spacer\">\n\t\t\t<div class=\"elementor-spacer-inner\"><\/div>\n\t\t<\/div>\n\t\t\t\t\t\t<\/div>\n\t\t\t\t<\/div>\n\t\t\t\t\t<\/div>\n\t\t<\/div>\n\t\t\t\t<div class=\"elementor-column elementor-col-50 elementor-top-column elementor-element elementor-element-04b6186\" data-id=\"04b6186\" data-element_type=\"column\" data-e-type=\"column\">\n\t\t\t<div class=\"elementor-widget-wrap elementor-element-populated\">\n\t\t\t\t\t\t<div class=\"elementor-element elementor-element-a09a5a9 elementor-widget elementor-widget-spacer\" data-id=\"a09a5a9\" data-element_type=\"widget\" data-e-type=\"widget\" data-widget_type=\"spacer.default\">\n\t\t\t\t<div class=\"elementor-widget-container\">\n\t\t\t\t\t\t\t<div class=\"elementor-spacer\">\n\t\t\t<div class=\"elementor-spacer-inner\"><\/div>\n\t\t<\/div>\n\t\t\t\t\t\t<\/div>\n\t\t\t\t<\/div>\n\t\t\t\t<div class=\"elementor-element elementor-element-7e42d49 elementor-widget elementor-widget-spacer\" data-id=\"7e42d49\" data-element_type=\"widget\" data-e-type=\"widget\" data-widget_type=\"spacer.default\">\n\t\t\t\t<div class=\"elementor-widget-container\">\n\t\t\t\t\t\t\t<div class=\"elementor-spacer\">\n\t\t\t<div class=\"elementor-spacer-inner\"><\/div>\n\t\t<\/div>\n\t\t\t\t\t\t<\/div>\n\t\t\t\t<\/div>\n\t\t\t\t<div class=\"elementor-element elementor-element-4c04e02 content-align-left the7-hover-visibility-disabled transform-overlay-yes exceeding-frame-yes elementor-widget elementor-widget-the7-image-widget\" data-id=\"4c04e02\" data-element_type=\"widget\" data-e-type=\"widget\" data-settings=\"{&quot;hover_visibility&quot;:&quot;disabled&quot;}\" data-widget_type=\"the7-image-widget.default\">\n\t\t\t\t<div class=\"elementor-widget-container\">\n\t\t\t\t\t<div class=\"the7-image-container\"><div class=\"the7-image-wrapper the7-elementor-widget the7-transform-container\"><div class=\"post-thumbnail-rollover layzr-bg img-css-resize-wrapper\"><img fetchpriority=\"high\" decoding=\"async\" width=\"1024\" height=\"819\" src=\"data:image\/svg+xml,%3Csvg%20xmlns%3D&#039;http%3A%2F%2Fwww.w3.org%2F2000%2Fsvg&#039;%20viewBox%3D&#039;0%200%201024%20819&#039;%2F%3E\" class=\"attachment-large size-large preload-me aspect lazy lazy-load\" alt=\"\" sizes=\"(max-width: 1024px) 100vw, 1024px\" style=\"--ratio: 1024 \/ 819;\" data-src=\"https:\/\/fundibio.com.br\/wp-content\/uploads\/2023\/10\/Design-sem-nome-2-1024x819.png\" loading=\"eager\" data-srcset=\"https:\/\/fundibio.com.br\/wp-content\/uploads\/2023\/10\/Design-sem-nome-2-1024x819.png 1024w, https:\/\/fundibio.com.br\/wp-content\/uploads\/2023\/10\/Design-sem-nome-2-300x240.png 300w, https:\/\/fundibio.com.br\/wp-content\/uploads\/2023\/10\/Design-sem-nome-2-768x614.png 768w, https:\/\/fundibio.com.br\/wp-content\/uploads\/2023\/10\/Design-sem-nome-2-15x12.png 15w, https:\/\/fundibio.com.br\/wp-content\/uploads\/2023\/10\/Design-sem-nome-2.png 1200w\" \/><\/div><\/div><\/div>\t\t\t\t<\/div>\n\t\t\t\t<\/div>\n\t\t\t\t\t<\/div>\n\t\t<\/div>\n\t\t\t\t\t<\/div>\n\t\t<\/section>\n\t\t\t\t<section class=\"elementor-section elementor-top-section elementor-element elementor-element-8f14adb elementor-section-boxed elementor-section-height-default elementor-section-height-default\" data-id=\"8f14adb\" data-element_type=\"section\" data-e-type=\"section\">\n\t\t\t\t\t\t<div class=\"elementor-container elementor-column-gap-default\">\n\t\t\t\t\t<div class=\"elementor-column elementor-col-100 elementor-top-column elementor-element elementor-element-c419605\" data-id=\"c419605\" data-element_type=\"column\" data-e-type=\"column\">\n\t\t\t<div class=\"elementor-widget-wrap elementor-element-populated\">\n\t\t\t\t\t\t<div class=\"elementor-element elementor-element-5f163c0 elementor-widget elementor-widget-spacer\" data-id=\"5f163c0\" data-element_type=\"widget\" data-e-type=\"widget\" data-widget_type=\"spacer.default\">\n\t\t\t\t<div class=\"elementor-widget-container\">\n\t\t\t\t\t\t\t<div class=\"elementor-spacer\">\n\t\t\t<div class=\"elementor-spacer-inner\"><\/div>\n\t\t<\/div>\n\t\t\t\t\t\t<\/div>\n\t\t\t\t<\/div>\n\t\t\t\t\t<\/div>\n\t\t<\/div>\n\t\t\t\t\t<\/div>\n\t\t<\/section>\n\t\t\t\t<\/div>","protected":false},"excerpt":{"rendered":"<p>Sobre o Banco de Projetos A Fundibio atua como interveniente e est\u00e1 comprometida em apoiar iniciativas e ideias promissoras, buscando ativamente oportunidades de financiamento para poss\u00edveis projetos que estejam alinhados&hellip;<\/p>","protected":false},"author":7,"featured_media":0,"parent":6368,"menu_order":3,"comment_status":"closed","ping_status":"closed","template":"elementor_header_footer","meta":{"_acf_changed":false,"footnotes":""},"class_list":["post-6426","page","type-page","status-publish","hentry"],"acf":[],"yoast_head":"<!-- This site is optimized with the Yoast SEO plugin v27.2 - https:\/\/yoast.com\/product\/yoast-seo-wordpress\/ -->\n<title>sobre - Fundibio<\/title>\n<meta name=\"robots\" content=\"index, follow, max-snippet:-1, max-image-preview:large, max-video-preview:-1\" \/>\n<link rel=\"canonical\" href=\"https:\/\/fundibio.com.br\/en\/banco-de-projetos\/sobre\/\" \/>\n<meta property=\"og:locale\" content=\"en_US\" \/>\n<meta property=\"og:type\" content=\"article\" \/>\n<meta property=\"og:title\" content=\"sobre - Fundibio\" \/>\n<meta property=\"og:description\" content=\"Sobre o Banco de Projetos A Fundibio atua como interveniente e est\u00e1 comprometida em apoiar iniciativas e ideias promissoras, buscando ativamente oportunidades de financiamento para poss\u00edveis projetos que estejam alinhados&hellip;\" \/>\n<meta property=\"og:url\" content=\"https:\/\/fundibio.com.br\/en\/banco-de-projetos\/sobre\/\" \/>\n<meta property=\"og:site_name\" content=\"Fundibio\" \/>\n<meta property=\"article:publisher\" content=\"https:\/\/www.facebook.com\/fundibio\/\" \/>\n<meta property=\"article:modified_time\" content=\"2023-10-20T17:53:55+00:00\" \/>\n<meta name=\"twitter:card\" content=\"summary_large_image\" \/>\n<meta name=\"twitter:label1\" content=\"Est. reading time\" \/>\n\t<meta name=\"twitter:data1\" content=\"2 minutes\" \/>\n<script type=\"application\/ld+json\" class=\"yoast-schema-graph\">{\"@context\":\"https:\/\/schema.org\",\"@graph\":[{\"@type\":\"WebPage\",\"@id\":\"https:\/\/fundibio.com.br\/banco-de-projetos\/sobre\/\",\"url\":\"https:\/\/fundibio.com.br\/banco-de-projetos\/sobre\/\",\"name\":\"sobre - Fundibio\",\"isPartOf\":{\"@id\":\"https:\/\/fundibio.com.br\/#website\"},\"datePublished\":\"2023-10-06T17:45:08+00:00\",\"dateModified\":\"2023-10-20T17:53:55+00:00\",\"breadcrumb\":{\"@id\":\"https:\/\/fundibio.com.br\/banco-de-projetos\/sobre\/#breadcrumb\"},\"inLanguage\":\"en-US\",\"potentialAction\":[{\"@type\":\"ReadAction\",\"target\":[\"https:\/\/fundibio.com.br\/banco-de-projetos\/sobre\/\"]}]},{\"@type\":\"BreadcrumbList\",\"@id\":\"https:\/\/fundibio.com.br\/banco-de-projetos\/sobre\/#breadcrumb\",\"itemListElement\":[{\"@type\":\"ListItem\",\"position\":1,\"name\":\"In\u00edcio\",\"item\":\"https:\/\/fundibio.com.br\/\"},{\"@type\":\"ListItem\",\"position\":2,\"name\":\"Banco de Projetos\",\"item\":\"https:\/\/fundibio.com.br\/banco-de-projetos\/\"},{\"@type\":\"ListItem\",\"position\":3,\"name\":\"sobre\"}]},{\"@type\":\"WebSite\",\"@id\":\"https:\/\/fundibio.com.br\/#website\",\"url\":\"https:\/\/fundibio.com.br\/\",\"name\":\"Fundibio\",\"description\":\"Funda\u00e7\u00e3o sem fins lucrativos e de direito privado institu\u00edda pela UNESP\",\"publisher\":{\"@id\":\"https:\/\/fundibio.com.br\/#organization\"},\"potentialAction\":[{\"@type\":\"SearchAction\",\"target\":{\"@type\":\"EntryPoint\",\"urlTemplate\":\"https:\/\/fundibio.com.br\/?s={search_term_string}\"},\"query-input\":{\"@type\":\"PropertyValueSpecification\",\"valueRequired\":true,\"valueName\":\"search_term_string\"}}],\"inLanguage\":\"en-US\"},{\"@type\":\"Organization\",\"@id\":\"https:\/\/fundibio.com.br\/#organization\",\"name\":\"Fundibio\",\"url\":\"https:\/\/fundibio.com.br\/\",\"logo\":{\"@type\":\"ImageObject\",\"inLanguage\":\"en-US\",\"@id\":\"https:\/\/fundibio.com.br\/#\/schema\/logo\/image\/\",\"url\":\"https:\/\/fundibio.com.br\/wp-content\/uploads\/2021\/04\/Refeita-fundibio-vetor-svg.svg\",\"contentUrl\":\"https:\/\/fundibio.com.br\/wp-content\/uploads\/2021\/04\/Refeita-fundibio-vetor-svg.svg\",\"width\":100,\"height\":100,\"caption\":\"Fundibio\"},\"image\":{\"@id\":\"https:\/\/fundibio.com.br\/#\/schema\/logo\/image\/\"},\"sameAs\":[\"https:\/\/www.facebook.com\/fundibio\/\",\"https:\/\/www.instagram.com\/fundibio\/\"]}]}<\/script>\n<!-- \/ Yoast SEO plugin. -->","yoast_head_json":{"title":"sobre - Fundibio","robots":{"index":"index","follow":"follow","max-snippet":"max-snippet:-1","max-image-preview":"max-image-preview:large","max-video-preview":"max-video-preview:-1"},"canonical":"https:\/\/fundibio.com.br\/en\/banco-de-projetos\/sobre\/","og_locale":"en_US","og_type":"article","og_title":"sobre - Fundibio","og_description":"Sobre o Banco de Projetos A Fundibio atua como interveniente e est\u00e1 comprometida em apoiar iniciativas e ideias promissoras, buscando ativamente oportunidades de financiamento para poss\u00edveis projetos que estejam alinhados&hellip;","og_url":"https:\/\/fundibio.com.br\/en\/banco-de-projetos\/sobre\/","og_site_name":"Fundibio","article_publisher":"https:\/\/www.facebook.com\/fundibio\/","article_modified_time":"2023-10-20T17:53:55+00:00","twitter_card":"summary_large_image","twitter_misc":{"Est. reading time":"2 minutes"},"schema":{"@context":"https:\/\/schema.org","@graph":[{"@type":"WebPage","@id":"https:\/\/fundibio.com.br\/banco-de-projetos\/sobre\/","url":"https:\/\/fundibio.com.br\/banco-de-projetos\/sobre\/","name":"sobre - Fundibio","isPartOf":{"@id":"https:\/\/fundibio.com.br\/#website"},"datePublished":"2023-10-06T17:45:08+00:00","dateModified":"2023-10-20T17:53:55+00:00","breadcrumb":{"@id":"https:\/\/fundibio.com.br\/banco-de-projetos\/sobre\/#breadcrumb"},"inLanguage":"en-US","potentialAction":[{"@type":"ReadAction","target":["https:\/\/fundibio.com.br\/banco-de-projetos\/sobre\/"]}]},{"@type":"BreadcrumbList","@id":"https:\/\/fundibio.com.br\/banco-de-projetos\/sobre\/#breadcrumb","itemListElement":[{"@type":"ListItem","position":1,"name":"In\u00edcio","item":"https:\/\/fundibio.com.br\/"},{"@type":"ListItem","position":2,"name":"Banco de Projetos","item":"https:\/\/fundibio.com.br\/banco-de-projetos\/"},{"@type":"ListItem","position":3,"name":"sobre"}]},{"@type":"WebSite","@id":"https:\/\/fundibio.com.br\/#website","url":"https:\/\/fundibio.com.br\/","name":"Fundibio","description":"Funda\u00e7\u00e3o sem fins lucrativos e de direito privado institu\u00edda pela UNESP","publisher":{"@id":"https:\/\/fundibio.com.br\/#organization"},"potentialAction":[{"@type":"SearchAction","target":{"@type":"EntryPoint","urlTemplate":"https:\/\/fundibio.com.br\/?s={search_term_string}"},"query-input":{"@type":"PropertyValueSpecification","valueRequired":true,"valueName":"search_term_string"}}],"inLanguage":"en-US"},{"@type":"Organization","@id":"https:\/\/fundibio.com.br\/#organization","name":"Fundibio","url":"https:\/\/fundibio.com.br\/","logo":{"@type":"ImageObject","inLanguage":"en-US","@id":"https:\/\/fundibio.com.br\/#\/schema\/logo\/image\/","url":"https:\/\/fundibio.com.br\/wp-content\/uploads\/2021\/04\/Refeita-fundibio-vetor-svg.svg","contentUrl":"https:\/\/fundibio.com.br\/wp-content\/uploads\/2021\/04\/Refeita-fundibio-vetor-svg.svg","width":100,"height":100,"caption":"Fundibio"},"image":{"@id":"https:\/\/fundibio.com.br\/#\/schema\/logo\/image\/"},"sameAs":["https:\/\/www.facebook.com\/fundibio\/","https:\/\/www.instagram.com\/fundibio\/"]}]}},"_links":{"self":[{"href":"https:\/\/fundibio.com.br\/en\/wp-json\/wp\/v2\/pages\/6426","targetHints":{"allow":["GET"]}}],"collection":[{"href":"https:\/\/fundibio.com.br\/en\/wp-json\/wp\/v2\/pages"}],"about":[{"href":"https:\/\/fundibio.com.br\/en\/wp-json\/wp\/v2\/types\/page"}],"author":[{"embeddable":true,"href":"https:\/\/fundibio.com.br\/en\/wp-json\/wp\/v2\/users\/7"}],"replies":[{"embeddable":true,"href":"https:\/\/fundibio.com.br\/en\/wp-json\/wp\/v2\/comments?post=6426"}],"version-history":[{"count":37,"href":"https:\/\/fundibio.com.br\/en\/wp-json\/wp\/v2\/pages\/6426\/revisions"}],"predecessor-version":[{"id":6527,"href":"https:\/\/fundibio.com.br\/en\/wp-json\/wp\/v2\/pages\/6426\/revisions\/6527"}],"up":[{"embeddable":true,"href":"https:\/\/fundibio.com.br\/en\/wp-json\/wp\/v2\/pages\/6368"}],"wp:attachment":[{"href":"https:\/\/fundibio.com.br\/en\/wp-json\/wp\/v2\/media?parent=6426"}],"curies":[{"name":"wp","href":"https:\/\/api.w.org\/{rel}","templated":true}]}}